{"id":11,"date":"2015-07-21T14:41:16","date_gmt":"2015-07-21T12:41:16","guid":{"rendered":"http:\/\/dev.kostebrau.info\/?page_id=6"},"modified":"2019-03-31T14:14:17","modified_gmt":"2019-03-31T12:14:17","slug":"startseite","status":"publish","type":"page","link":"https:\/\/kostebrau-test.de\/?page_id=11","title":{"rendered":"Ortsgeschichte"},"content":{"rendered":"<div style=\"width: 500px; padding: 10px; border: 1px solid #f9f1bb;\">\n<span style=\"font-size:14px;font-family: Times New Roman;\"><br \/>\n<img loading=\"lazy\" decoding=\"async\" class=\"links\" src=\"https:\/\/kostebrau-test.de\/wp-content\/uploads\/2019\/03\/img415.jpg\" alt=\"Banner\" width=\"79\" height=\"106\" border=\"0\">Als Costebrau wurde der Ort 1421 erstmals urkundlich erw\u00e4hnt. Er geh\u00f6rte zum Amt Senftenberg. In der Zeit von 1440 bis 1474 war Kostebrau Teil der Herrschaft M\u00fcckenberg. Im Jahr 1551 gab es in Kostebrau zwanzig Haushaltungen, davon zwei M\u00fcller in     der angrenzenden wasserreichen Pommelheide. Im selben Jahr wurde der Gutshof in Kostebrau erstmals erw\u00e4hnt. Der erste namentlich bekannte Besitzer war Thomas Bohdan.<br \/>\n<\/span><\/div>\n<div style=\"width: 500px; padding: 10px; border: 1px solid #f9f1bb;\">\n<span style=\"font-size:14px;font-family: Times New Roman;\"><br \/>\n<img loading=\"lazy\" decoding=\"async\" class=\"rechts\" src=\"https:\/\/kostebrau-test.de\/wp-content\/uploads\/2019\/03\/img413.jpg\" alt=\"Banner\" width=\"130\" height=\"86\" border=\"0\">Aufgrund des Holzreichtums sowie des reichlichen Glassandvorkommens vor allem bei Hohenbocka und Hosena genehmigte 1709 der s\u00e4chsische  Kurf\u00fcrst Friedrich August I. einem b\u00f6hmischen    H\u00fcttenbaumeister den  Bau der Spiegelglash\u00fctte Friedrichsthal. Sie war die erste Glash\u00fctte in der Niederlausitz.<br \/>\n<\/span><\/div>\n<div style=\"width: 500px; padding: 10px; border: 1px solid #f9f1bb;\">\n<span style=\"font-size:14px;font-family: Times New Roman;\"><br \/>\n<img loading=\"lazy\" decoding=\"async\" class=\"rechts\" src=\"https:\/\/kostebrau-test.de\/wp-content\/uploads\/2019\/03\/img420.jpg\" alt=\"Banner\" width=\"130\" height=\"75\" border=\"0\">Anfang des 19. Jahrhunderts war Johann Christian Oestreich    Besitzer des Gutshofes. Er lie\u00df ein neues Gutsgeb\u00e4ude nach seinen eigenen Pl\u00e4nen errichten. Dabei handelte es sich um den ersten Backsteinbau mit Ziegeldach im Ort. Auf dem Gutshof wurde Landwirtschaft und Viehhaltung sowie Imkerei betrieben. Des Weiteren geh\u00f6rten zum Gut ein Weinberg und eine Windm\u00fchle. Der Gutshof besa\u00df Brannt- und Braurecht. Das Schankrecht wurde um das Jahr 1850  an einen Gastwirt im Ort \u00fcbertragen.<br \/>\n<\/span><\/div>\n<div style=\"width: 500px; padding: 10px; border: 1px solid #f9f1bb;\">\n<span style=\"font-size:14px;font-family: Times New Roman;\"><br \/>\n<img loading=\"lazy\" decoding=\"async\" class=\"links\" src=\"https:\/\/kostebrau-test.de\/wp-content\/uploads\/2019\/03\/img416-1.jpg\" alt=\"Banner\" width=\"130\" height=\"86\" border=\"0\">Im Jahr 1896 wurde in Kostebrau die Braunkohlegrube &#8222;Unser Fritz&#8220; er\u00f6ffnet. Bald darauf wurden eine Brikettfabrik mit drei Pressen und die Grube Alwine durch den Gutsbesitzer Alwin Oestreich er\u00f6ffnet.<br \/>\n<\/span><\/div>\n<div style=\"width: 500px; padding: 10px; border: 1px solid #f9f1bb;\">\n<span style=\"font-size:14px;font-family: Times New Roman;\"><br \/>\n<img loading=\"lazy\" decoding=\"async\" class=\"rechts\" src=\"https:\/\/kostebrau-test.de\/wp-content\/uploads\/2019\/03\/img421.jpg\" alt=\"Banner\" width=\"130\" height=\"86\" border=\"0\">Die Fabrik verf\u00fcgte \u00fcber eine Anschlussbahn an den Bahnhof R\u00f6merkeller und \u00fcber die Nebenstrecke Sallgast-Lauchhammer an die Schipkau-Finsterwalder Eisenbahn. Zur Fabrik geh\u00f6rte die gleichnamige Wohnsiedlung &#8222;Unser Fritz&#8220;.<br \/>\n<\/span><\/div>\n<div style=\"width: 500px; padding: 10px; border: 1px solid #f9f1bb;\">\n<span style=\"font-size:14px;font-family: Times New Roman;\"><br \/>\n<img loading=\"lazy\" decoding=\"async\" class=\"links\" src=\"https:\/\/kostebrau-test.de\/wp-content\/uploads\/2019\/03\/img417.jpg\" alt=\"Banner\" width=\"140\" height=\"70\" border=\"0\">Um den Bahnhof R\u00f6merkeller entwickelte sich ab dem Jahr 1902 der gleichnamige Ortsteil. Im Rahmen einer preu\u00dfischen Reform wurde der Gutsbezirk 1928 in die Landgemeinde  Kostebrau eingegliedert.<br \/>\n<\/span><\/div>\n<div style=\"width: 500px; padding: 10px; border: 1px solid #f9f1bb;\">\n<span style=\"font-size:14px;font-family: Times New Roman;\"><br \/>\n<img loading=\"lazy\" decoding=\"async\" class=\"rechts\" src=\"https:\/\/kostebrau-test.de\/wp-content\/uploads\/2019\/03\/img422.jpg\" alt=\"Banner\" width=\"140\" height=\"86\" border=\"0\">Durch das Fortschreiten des Tagebaus Klettwitz wurde die gesamte Umgebung \u00fcberbaggert und Kostebrau wurde zu einer Tagebauinsel.<br \/>\n<\/span><\/div>\n<div style=\"width: 500px; padding: 10px; border: 1px solid #f9f1bb;\">\n<span style=\"font-size:14px;font-family: Times New Roman;\"><br \/>\n<img loading=\"lazy\" decoding=\"async\" class=\"links\" src=\"https:\/\/kostebrau-test.de\/wp-content\/uploads\/2019\/03\/img423.jpg\" alt=\"Banner\" width=\"130\" height=\"80\" border=\"0\">Im Jahr 1974 wurde die Spiegelfabrik stillgelegt. Das ehemalige Inspektorenwohnhaus wurde 1979 wegen Bauf\u00e4lligkeit abgerissen.<br \/>\n<\/span><\/div>\n<div style=\"width: 500px; padding: 10px; border: 1px solid #f9f1bb;\">\n<span style=\"font-size:14px;font-family: Times New Roman;\"><br \/>\n<img loading=\"lazy\" decoding=\"async\" class=\"rechts\" src=\"https:\/\/kostebrau-test.de\/wp-content\/uploads\/2019\/03\/img419.jpg\" alt=\"Banner\" width=\"140\" height=\"86\" border=\"0\">F\u00fcr die \u00dcberbaggerung von R\u00f6merkeller um das Jahr 1980 wurden nach amtlichen Angaben 29 Einwohner umgesiedelt.<br \/>\n<\/span><\/div>\n<div style=\"width: 500px; padding: 10px; border: 1px solid #f9f1bb;\">\n<span style=\"font-size:14px;font-family: Times New Roman;\"><br \/>\n<img loading=\"lazy\" decoding=\"async\" class=\"rechts\" src=\"https:\/\/kostebrau-test.de\/wp-content\/uploads\/2019\/03\/img412-1.jpg\" alt=\"Banner\" width=\"130\" height=\"80\" border=\"0\"> Von der \u00dcberbaggerung von Wischgrund 1983 waren 183 Menschen betroffen.<br \/>\n<\/span><\/div>\n<div style=\"width: 500px; padding: 10px; border: 1px solid #f9f1bb;\">\n<span style=\"font-size:14px;font-family: Times New Roman;\"><\/p>\n<p>Am 6. Dezember 1993 wurde Kostebrau gemeinsam mit dem benachbarten Gr\u00fcnewalde nach  Lauchhammer eingemeindet.<br \/>\n<\/span><br \/>\n<span style=\"font-size:11px;font-family: Times New Roman;\"><br \/>\nTextquelle: www.wikipedia.org<br \/>\nBildquelle: Heimatverein Kostebrau<br \/>\n<\/span>\n<\/div>\n","protected":false},"excerpt":{"rendered":"<p>Als Costebrau wurde der Ort 1421 erstmals urkundlich erw\u00e4hnt. Er geh\u00f6rte zum Amt Senftenberg. In der Zeit von 1440 bis 1474 war Kostebrau Teil der Herrschaft M\u00fcckenberg. Im Jahr 1551 gab es in Kostebrau zwanzig Haushaltungen, davon zwei M\u00fcller in der angrenzenden wasserreichen Pommelheide. Im selben Jahr wurde der Gutshof in Kostebrau erstmals erw\u00e4hnt. Der [&hellip;]<\/p>\n","protected":false},"author":3,"featured_media":0,"parent":0,"menu_order":0,"comment_status":"closed","ping_status":"closed","template":"","meta":{"footnotes":""},"class_list":["post-11","page","type-page","status-publish","hentry","gallery-content-unit"],"_links":{"self":[{"href":"https:\/\/kostebrau-test.de\/index.php?rest_route=\/wp\/v2\/pages\/11","targetHints":{"allow":["GET"]}}],"collection":[{"href":"https:\/\/kostebrau-test.de\/index.php?rest_route=\/wp\/v2\/pages"}],"about":[{"href":"https:\/\/kostebrau-test.de\/index.php?rest_route=\/wp\/v2\/types\/page"}],"author":[{"embeddable":true,"href":"https:\/\/kostebrau-test.de\/index.php?rest_route=\/wp\/v2\/users\/3"}],"replies":[{"embeddable":true,"href":"https:\/\/kostebrau-test.de\/index.php?rest_route=%2Fwp%2Fv2%2Fcomments&post=11"}],"version-history":[{"count":47,"href":"https:\/\/kostebrau-test.de\/index.php?rest_route=\/wp\/v2\/pages\/11\/revisions"}],"predecessor-version":[{"id":1642,"href":"https:\/\/kostebrau-test.de\/index.php?rest_route=\/wp\/v2\/pages\/11\/revisions\/1642"}],"wp:attachment":[{"href":"https:\/\/kostebrau-test.de\/index.php?rest_route=%2Fwp%2Fv2%2Fmedia&parent=11"}],"curies":[{"name":"wp","href":"https:\/\/api.w.org\/{rel}","templated":true}]}}