{"id":26,"date":"2015-07-21T16:07:44","date_gmt":"2015-07-21T14:07:44","guid":{"rendered":"http:\/\/dev.kostebrau.info\/?page_id=26"},"modified":"2021-02-08T21:44:37","modified_gmt":"2021-02-08T20:44:37","slug":"vereine","status":"publish","type":"page","link":"https:\/\/kostebrau-test.de\/?page_id=26","title":{"rendered":"Vereine"},"content":{"rendered":"\r\n<pre class=\"wp-block-preformatted\"><strong><span style=\"color: #008080; font-size:16px;\">F\u00f6rderverein lebenswertes Kostebrau e.V ---&gt;  <\/span><\/strong><a href=\"https:\/\/kostebrau-test.de\/?page_id=62\"><strong><span style=\"color: #008080;\">F\u00f6rderverein<\/span><\/strong><\/a>\r\n<strong>Ansprechpartner:<\/strong> Lutz Kunze\r\n<strong>Tel.:<\/strong> (03574) 861102\r\n&nbsp;\r\n<strong><span style=\"color: #008080; font-size:16px;\">Kultur- und Heimatverein Kostebrau e.V ---&gt;  <\/span><\/strong><a href=\"https:\/\/kostebrau-test.de\/?page_id=46\"><strong><span style=\"color: #008080;\">Heimatverein<\/span><\/strong><\/a>\r\n<strong>Ansprechpartner:<\/strong> Hans-Joachim Koroll\r\n<strong>Tel.:<\/strong> (03574) 861153\r\n&nbsp;\r\n<strong><span style=\"color: #008080; font-size:16px;\">TSG Rot Wei\u00df 90 Kostebrau e.V<\/span><\/strong>\r\n<strong><span style=\"color: #008080; font-size:16px;\">   Vorstand ---&gt;  <\/span><\/strong><a href=\"https:\/\/kostebrau-test.de\/?page_id=235\"><strong><span style=\"color: #008080;\">Vorstand<\/span><\/strong><\/a>\r\n<strong>    Ansprechpartner:<\/strong> Andreas Arra\u00df\r\n<strong>    Tel.:<\/strong> (03574) 861425\r\n&nbsp;\r\n<strong><span style=\"color: #008080; font-size:16px;\">   Wandern ---&gt;  <\/span><\/strong><a href=\"https:\/\/kostebrau-test.de\/?page_id=331\"><strong><span style=\"color: #008080;\">Wandern<\/span><\/strong><\/a>\r\n\r\n<strong><span style=\"color: #008080; font-size:16px;\">   Fu\u00dfball ---&gt;  <\/span><\/strong><a href=\"https:\/\/kostebrau-test.de\/?page_id=976\"><strong><span style=\"color: #008080;\">Fu\u00dfball<\/span><\/strong><\/a>\r\n\r\n<strong><span style=\"color: #008080; font-size:16px;\">   Volleyball ---&gt;  <\/span><\/strong><a href=\"https:\/\/kostebrau-test.de\/?page_id=239\"><strong><span style=\"color: #008080;\">Volleyball<\/span><\/strong><\/a>\r\n\r\n<strong><span style=\"color: #008080; font-size:16px;\">   Tischtennis ---&gt;  <\/span><\/strong><a href=\"https:\/\/kostebrau-test.de\/?page_id=241\"><strong><span style=\"color: #008080;\">Tischtennis<\/span><\/strong><\/a>\r\n\r\n<strong><span style=\"color: #008080; font-size:16px;\">   Gymnastik ---&gt;  <\/span><\/strong><a href=\"https:\/\/kostebrau-test.de\/?page_id=243\"><strong><span style=\"color: #008080;\">Gymnastik<\/span><\/strong><\/a>\r\n\r\n&nbsp;\r\n<strong><span style=\"color: #008080; font-size:16px;\">Seniorenclub Kostebrau \"Am Windpark\" e.V. ---&gt;  <\/span><\/strong><a href=\"https:\/\/kostebrau-test.de\/?page_id=53\"><strong><span style=\"color: #008080;\">Seniorenclub<\/span><\/strong><\/a>\r\n<strong>    Ansprechpartner:<\/strong> Manfred Mischke\r\n<strong>    Tel.:<\/strong> (03574) 86413\r\n&nbsp;\r\n<strong><span style=\"color: #008080; font-size:16px;\">Jugendclub ---&gt;  <\/span><\/strong><a href=\"https:\/\/kostebrau-test.de\/?page_id=56\"><strong><span style=\"color: #008080;\">Jugendclub<\/span><\/strong><\/a>\r\n<strong>    Ansprechpartner:<\/strong> Martin Bittner\r\n<strong>    Tel.:<\/strong> (0152) 28830516\r\n&nbsp;\r\n<strong><span style=\"color: #008080; font-size:16px;\">Kostebrauer Karneval Club e.V. ---&gt;  <\/span><\/strong><a href=\"https:\/\/kostebrau-test.de\/?page_id=58\"><strong><span style=\"color: #008080;\">Karnevalsclub<\/span><\/strong><\/a>\r\n<strong>    Ansprechpartner:<\/strong> Uwe Pichotta\r\n<strong>    Tel.:<\/strong> (0174) 6190614\r\n&nbsp;\r\n<strong><span style=\"color: #008080; font-size:16px;\">Kleintierz\u00fcchterverein \r\nKostebrau D340 e.V.     ---&gt;  <\/span><\/strong><a href=\"https:\/\/kostebrau-test.de\/?page_id=60\"><strong><span style=\"color: #008080;\">Kleintierz\u00fcchterverein<\/span><\/strong><\/a>\r\n\r\n<\/pre>\r\n","protected":false},"excerpt":{"rendered":"<p>F\u00f6rderverein lebenswertes Kostebrau e.V &#8212;&gt; F\u00f6rderverein Ansprechpartner: Lutz Kunze Tel.: (03574) 861102 &nbsp; Kultur- und Heimatverein Kostebrau e.V &#8212;&gt; Heimatverein Ansprechpartner: Hans-Joachim Koroll Tel.: (03574) 861153 &nbsp; TSG Rot Wei\u00df 90 Kostebrau e.V Vorstand &#8212;&gt; Vorstand Ansprechpartner: Andreas Arra\u00df Tel.: (03574) 861425 &nbsp; Wandern &#8212;&gt; Wandern Fu\u00dfball &#8212;&gt; Fu\u00dfball Volleyball &#8212;&gt; Volleyball Tischtennis &#8212;&gt; Tischtennis [&hellip;]<\/p>\n","protected":false},"author":3,"featured_media":0,"parent":0,"menu_order":0,"comment_status":"closed","ping_status":"closed","template":"","meta":{"footnotes":""},"class_list":["post-26","page","type-page","status-publish","hentry","gallery-content-unit"],"_links":{"self":[{"href":"https:\/\/kostebrau-test.de\/index.php?rest_route=\/wp\/v2\/pages\/26","targetHints":{"allow":["GET"]}}],"collection":[{"href":"https:\/\/kostebrau-test.de\/index.php?rest_route=\/wp\/v2\/pages"}],"about":[{"href":"https:\/\/kostebrau-test.de\/index.php?rest_route=\/wp\/v2\/types\/page"}],"author":[{"embeddable":true,"href":"https:\/\/kostebrau-test.de\/index.php?rest_route=\/wp\/v2\/users\/3"}],"replies":[{"embeddable":true,"href":"https:\/\/kostebrau-test.de\/index.php?rest_route=%2Fwp%2Fv2%2Fcomments&post=26"}],"version-history":[{"count":47,"href":"https:\/\/kostebrau-test.de\/index.php?rest_route=\/wp\/v2\/pages\/26\/revisions"}],"predecessor-version":[{"id":2315,"href":"https:\/\/kostebrau-test.de\/index.php?rest_route=\/wp\/v2\/pages\/26\/revisions\/2315"}],"wp:attachment":[{"href":"https:\/\/kostebrau-test.de\/index.php?rest_route=%2Fwp%2Fv2%2Fmedia&parent=26"}],"curies":[{"name":"wp","href":"https:\/\/api.w.org\/{rel}","templated":true}]}}