{"id":976,"date":"2019-03-01T16:29:08","date_gmt":"2019-03-01T15:29:08","guid":{"rendered":"http:\/\/kostebrau-test.de\/?page_id=976"},"modified":"2019-03-31T20:03:52","modified_gmt":"2019-03-31T18:03:52","slug":"spielplan-fussball","status":"publish","type":"page","link":"https:\/\/kostebrau-test.de\/?page_id=976","title":{"rendered":"Spielplan Fu\u00dfball"},"content":{"rendered":"\r\n<pre class=\"wp-block-preformatted\"><strong><span style=\"color: #000000; font-size:16px;\">Saison 2018\/2019 \u2013 2. Kreisklasse Staffel S\u00fcd <\/span><\/strong>\r\n\r\nSonntag, 31.03.2019 14.00 Uhr\r\nSV Askania Schipkau II - TSG Rot-Wei\u00df `90 Kostebrau\t\t( ausgefallen )\r\n\r\nSonntag, 14.04.2019\t14.00 Uhr\r\nTSG Rot-Wei\u00df `90 Kostebrau \u2013 SV Germania 1910 Ruhland II \t\t:\r\n\r\nSonntag, 28.04.2019\t14.00 Uhr\r\nTSG Rot-Wei\u00df `90 Kostebrau \u2013 SV 1892 Schwarzheide\t\t\t:\r\n\r\nSonntag, 05.05.2019\t15.00 Uhr\r\nSV Gr\u00fcnewald - TSG Rot-Wei\u00df `90 Kostebrau\t\t\t\t:\r\n\r\nSonntag, 19.05.2019\t14.00 Uhr\r\nTSG Rot-Wei\u00df `90 Kostebrau \u2013 SV Aufbau Gro\u00dfkmehlen II\t\t\t:\r\n\r\nSonntag, 26.05.2019\t15.00 Uhr\r\nSV Rot-Wei\u00df Wormlage - TSG Rot-Wei\u00df `90 Kostebrau\t\t\t:\r\n\r\nSonntag, 02.06.2019\t14.00 Uhr\r\nTSG Rot-Wei\u00df `90 Kostebrau \u2013 SV Blau-Wei\u00df Sedlitz\t\t\t:\r\n\r\nSonntag, 16.06.2019\t13.00 Uhr\r\nFSV Empor H\u00f6rlitz II \u2013 TSG Rot-Wei\u00df `90 Kostebrau\t\t\t:\r\n\r\nSonntag, 23.06.2019\t13.00 Uhr\r\nTSG Rot-Wei\u00df `90 Kostebrau \u2013 SV Blau-Wei\u00df Lindenau II\t\t\t:\r\n<\/pre>\r\n","protected":false},"excerpt":{"rendered":"<p>Saison 2018\/2019 \u2013 2. Kreisklasse Staffel S\u00fcd Sonntag, 31.03.2019 14.00 Uhr SV Askania Schipkau II &#8211; TSG Rot-Wei\u00df `90 Kostebrau ( ausgefallen ) Sonntag, 14.04.2019 14.00 Uhr TSG Rot-Wei\u00df `90 Kostebrau \u2013 SV Germania 1910 Ruhland II : Sonntag, 28.04.2019 14.00 Uhr TSG Rot-Wei\u00df `90 Kostebrau \u2013 SV 1892 Schwarzheide : Sonntag, 05.05.2019 15.00 Uhr [&hellip;]<\/p>\n","protected":false},"author":1,"featured_media":0,"parent":0,"menu_order":0,"comment_status":"closed","ping_status":"closed","template":"","meta":{"footnotes":""},"class_list":["post-976","page","type-page","status-publish","hentry","gallery-content-unit"],"_links":{"self":[{"href":"https:\/\/kostebrau-test.de\/index.php?rest_route=\/wp\/v2\/pages\/976","targetHints":{"allow":["GET"]}}],"collection":[{"href":"https:\/\/kostebrau-test.de\/index.php?rest_route=\/wp\/v2\/pages"}],"about":[{"href":"https:\/\/kostebrau-test.de\/index.php?rest_route=\/wp\/v2\/types\/page"}],"author":[{"embeddable":true,"href":"https:\/\/kostebrau-test.de\/index.php?rest_route=\/wp\/v2\/users\/1"}],"replies":[{"embeddable":true,"href":"https:\/\/kostebrau-test.de\/index.php?rest_route=%2Fwp%2Fv2%2Fcomments&post=976"}],"version-history":[{"count":9,"href":"https:\/\/kostebrau-test.de\/index.php?rest_route=\/wp\/v2\/pages\/976\/revisions"}],"predecessor-version":[{"id":1643,"href":"https:\/\/kostebrau-test.de\/index.php?rest_route=\/wp\/v2\/pages\/976\/revisions\/1643"}],"wp:attachment":[{"href":"https:\/\/kostebrau-test.de\/index.php?rest_route=%2Fwp%2Fv2%2Fmedia&parent=976"}],"curies":[{"name":"wp","href":"https:\/\/api.w.org\/{rel}","templated":true}]}}